{"id":1803,"date":"2025-03-09T07:41:35","date_gmt":"2025-03-09T07:41:35","guid":{"rendered":"https:\/\/grietgoeminne.com\/?post_type=product&#038;p=1803"},"modified":"2026-01-15T19:45:44","modified_gmt":"2026-01-15T19:45:44","slug":"eagles-view","status":"publish","type":"product","link":"https:\/\/grietgoeminne.com\/nl\/product\/eagles-view\/","title":{"rendered":"Adelaarsblik"},"content":{"rendered":"<h2>Adelaarsblik, een schilderij in gemengde technieken met acryl- en olieverf, afmetingen 100x100x1,5 cm.<\/h2>\n<p>370 \/ 5.000\nHet begon als een landschap in acrylverf tijdens een les Vedische kunst. Ik vond het niet mooi, legde het werk opzij, liet het even rusten en wist niet wat ik ermee moest doen. Een paar weken gingen voorbij. Dus nam ik deze achtergrond en besloot ik transparante verf te gebruiken om de adelaar losjes uit de achtergrond te cre\u00ebren. De gelaagdheid waar ik zo van houd, zorgt ervoor dat het lijkt alsof het landschap en de adelaar \u00e9\u00e9n geheel vormen.<br \/>\n299 \/ 5.000\nMen zegt wel eens: \"Vlieg als een adelaar\". Door een breed overzicht te hebben, heb je soms de neiging om beslissingen te nemen vanuit je hoofd. Deze adelaar nodigt je uit om je in de materie te verdiepen, te voelen, het aardse te ervaren. Zo voelt het voor mij. Aanwezig zijn op een multidimensionale manier.<\/p>\n<p><strong>Alle getoonde prijzen voor originelen zijn inclusief btw, verpakkingskosten en transportkosten voor de Benelux.<\/strong> Binnen de Europese Unie worden deze kosten toegevoegd tijdens het afrekenen van het kunstwerk. Voor verzendingen buiten de Europese Unie kunt u rechtstreeks contact opnemen met de kunstenaar via info@grietgoeminne.com. We willen er ook op wijzen dat de vermelde verkoopprijzen kunsthandelsprijzen zijn en dat u altijd contact kunt opnemen met de kunstenaar voor een prijs op maat. U kunt de gepersonaliseerde code vervolgens invoeren bij het afrekenen.<\/p>\n<p>Voor een factuur kunt u de kunstenaar persoonlijk een e-mail sturen met de juiste factuurgegevens.<\/p>\n<p>Lees de algemene voorwaarden aandachtig door.<\/p>","protected":false},"excerpt":{"rendered":"<p><strong>Adelaarsblik<\/strong>, a mixed media painting with acrylic and oil paint, dimensions 100x100x1.5cm.<\/p>","protected":false},"featured_media":1746,"comment_status":"open","ping_status":"closed","template":"","meta":{"iawp_total_views":1},"product_brand":[],"product_cat":[29,26],"product_tag":[],"class_list":{"0":"post-1803","1":"product","2":"type-product","3":"status-publish","4":"has-post-thumbnail","6":"product_cat-losse-orginals","7":"product_cat-original","8":"product_shipping_class-original","10":"first","11":"instock","12":"sold-individually","13":"shipping-taxable","14":"purchasable","15":"product-type-simple"},"yoast_head":"<!-- This site is optimized with the Yoast SEO plugin v27.4 - https:\/\/yoast.com\/product\/yoast-seo-wordpress\/ -->\n<title>Eagle&#039;s view - Griet Goeminne<\/title>\n<meta name=\"description\" content=\"Eagle&#039;s view, a mixed media painting with acrylic and oil paint, dimensions 100x100x1.5cm.\" \/>\n<meta name=\"robots\" content=\"index, follow, max-snippet:-1, max-image-preview:large, max-video-preview:-1\" \/>\n<link rel=\"canonical\" href=\"https:\/\/grietgoeminne.com\/nl\/product\/eagles-view\/\" \/>\n<meta property=\"og:locale\" content=\"nl_BE\" \/>\n<meta property=\"og:type\" content=\"article\" \/>\n<meta property=\"og:title\" content=\"Eagle&#039;s view\" \/>\n<meta property=\"og:description\" content=\"Eagle&#039;s view, a mixed media painting with acrylic and oil paint, dimensions 100x100x1.5cm.\" \/>\n<meta property=\"og:url\" content=\"https:\/\/grietgoeminne.com\/nl\/product\/eagles-view\/\" \/>\n<meta property=\"og:site_name\" content=\"Griet Goeminne\" \/>\n<meta property=\"article:publisher\" content=\"https:\/\/www.facebook.com\/profile.php?id=100064323002292\" \/>\n<meta property=\"article:modified_time\" content=\"2026-01-15T19:45:44+00:00\" \/>\n<meta property=\"og:image\" content=\"https:\/\/grietgoeminne.com\/wp-content\/uploads\/2025\/04\/9d1c8290-1e00-11f0-9552-43ef901e97ff.jpg\" \/>\n\t<meta property=\"og:image:width\" content=\"1420\" \/>\n\t<meta property=\"og:image:height\" content=\"2000\" \/>\n\t<meta property=\"og:image:type\" content=\"image\/jpeg\" \/>\n<meta name=\"twitter:card\" content=\"summary_large_image\" \/>\n<meta name=\"twitter:label1\" content=\"Geschatte leestijd\" \/>\n\t<meta name=\"twitter:data1\" content=\"2 minuten\" \/>\n<script type=\"application\/ld+json\" class=\"yoast-schema-graph\">{\"@context\":\"https:\\\/\\\/schema.org\",\"@graph\":[{\"@type\":\"WebPage\",\"@id\":\"https:\\\/\\\/grietgoeminne.com\\\/product\\\/eagles-view\\\/\",\"url\":\"https:\\\/\\\/grietgoeminne.com\\\/product\\\/eagles-view\\\/\",\"name\":\"Eagle's view - Griet Goeminne\",\"isPartOf\":{\"@id\":\"https:\\\/\\\/grietgoeminne.com\\\/#website\"},\"primaryImageOfPage\":{\"@id\":\"https:\\\/\\\/grietgoeminne.com\\\/product\\\/eagles-view\\\/#primaryimage\"},\"image\":{\"@id\":\"https:\\\/\\\/grietgoeminne.com\\\/product\\\/eagles-view\\\/#primaryimage\"},\"thumbnailUrl\":\"https:\\\/\\\/grietgoeminne.com\\\/wp-content\\\/uploads\\\/2025\\\/04\\\/PXL_20250309_1426170132.jpg\",\"datePublished\":\"2025-03-09T07:41:35+00:00\",\"dateModified\":\"2026-01-15T19:45:44+00:00\",\"description\":\"Eagle's view, a mixed media painting with acrylic and oil paint, dimensions 100x100x1.5cm.\",\"breadcrumb\":{\"@id\":\"https:\\\/\\\/grietgoeminne.com\\\/product\\\/eagles-view\\\/#breadcrumb\"},\"inLanguage\":\"nl-BE\",\"potentialAction\":[{\"@type\":\"ReadAction\",\"target\":[\"https:\\\/\\\/grietgoeminne.com\\\/product\\\/eagles-view\\\/\"]}]},{\"@type\":\"ImageObject\",\"inLanguage\":\"nl-BE\",\"@id\":\"https:\\\/\\\/grietgoeminne.com\\\/product\\\/eagles-view\\\/#primaryimage\",\"url\":\"https:\\\/\\\/grietgoeminne.com\\\/wp-content\\\/uploads\\\/2025\\\/04\\\/PXL_20250309_1426170132.jpg\",\"contentUrl\":\"https:\\\/\\\/grietgoeminne.com\\\/wp-content\\\/uploads\\\/2025\\\/04\\\/PXL_20250309_1426170132.jpg\",\"width\":213,\"height\":208,\"caption\":\"Eagle's view, een mixed media schilderij met acryl- en olieverf, afmeting van 100x100x1,5cm.\"},{\"@type\":\"BreadcrumbList\",\"@id\":\"https:\\\/\\\/grietgoeminne.com\\\/product\\\/eagles-view\\\/#breadcrumb\",\"itemListElement\":[{\"@type\":\"ListItem\",\"position\":1,\"name\":\"Home\",\"item\":\"https:\\\/\\\/grietgoeminne.com\\\/\"},{\"@type\":\"ListItem\",\"position\":2,\"name\":\"Winkel\",\"item\":\"https:\\\/\\\/grietgoeminne.com\\\/winkel\\\/\"},{\"@type\":\"ListItem\",\"position\":3,\"name\":\"Eagle&#8217;s view\"}]},{\"@type\":\"WebSite\",\"@id\":\"https:\\\/\\\/grietgoeminne.com\\\/#website\",\"url\":\"https:\\\/\\\/grietgoeminne.com\\\/\",\"name\":\"Griet Goeminne\",\"description\":\"Painting Artist, Vedic Art Teacher, Creative coach\",\"publisher\":{\"@id\":\"https:\\\/\\\/grietgoeminne.com\\\/#organization\"},\"potentialAction\":[{\"@type\":\"SearchAction\",\"target\":{\"@type\":\"EntryPoint\",\"urlTemplate\":\"https:\\\/\\\/grietgoeminne.com\\\/?s={search_term_string}\"},\"query-input\":{\"@type\":\"PropertyValueSpecification\",\"valueRequired\":true,\"valueName\":\"search_term_string\"}}],\"inLanguage\":\"nl-BE\"},{\"@type\":\"Organization\",\"@id\":\"https:\\\/\\\/grietgoeminne.com\\\/#organization\",\"name\":\"Griet Goeminne Art\",\"url\":\"https:\\\/\\\/grietgoeminne.com\\\/\",\"logo\":{\"@type\":\"ImageObject\",\"inLanguage\":\"nl-BE\",\"@id\":\"https:\\\/\\\/grietgoeminne.com\\\/#\\\/schema\\\/logo\\\/image\\\/\",\"url\":\"https:\\\/\\\/grietgoeminne.com\\\/wp-content\\\/uploads\\\/2026\\\/01\\\/cropped-Griet-Goeminne-art-logo-4-05-scaled-e1767547919734.png\",\"contentUrl\":\"https:\\\/\\\/grietgoeminne.com\\\/wp-content\\\/uploads\\\/2026\\\/01\\\/cropped-Griet-Goeminne-art-logo-4-05-scaled-e1767547919734.png\",\"width\":512,\"height\":512,\"caption\":\"Griet Goeminne Art\"},\"image\":{\"@id\":\"https:\\\/\\\/grietgoeminne.com\\\/#\\\/schema\\\/logo\\\/image\\\/\"},\"sameAs\":[\"https:\\\/\\\/www.facebook.com\\\/profile.php?id=100064323002292\",\"https:\\\/\\\/www.instagram.com\\\/grietgoeminneart\\\/\"]}]}<\/script>\n<!-- \/ Yoast SEO plugin. -->","yoast_head_json":{"title":"Eagle's view - Griet Goeminne","description":"Eagle's view, a mixed media painting with acrylic and oil paint, dimensions 100x100x1.5cm.","robots":{"index":"index","follow":"follow","max-snippet":"max-snippet:-1","max-image-preview":"max-image-preview:large","max-video-preview":"max-video-preview:-1"},"canonical":"https:\/\/grietgoeminne.com\/nl\/product\/eagles-view\/","og_locale":"nl_BE","og_type":"article","og_title":"Eagle's view","og_description":"Eagle's view, a mixed media painting with acrylic and oil paint, dimensions 100x100x1.5cm.","og_url":"https:\/\/grietgoeminne.com\/nl\/product\/eagles-view\/","og_site_name":"Griet Goeminne","article_publisher":"https:\/\/www.facebook.com\/profile.php?id=100064323002292","article_modified_time":"2026-01-15T19:45:44+00:00","og_image":[{"width":1420,"height":2000,"url":"https:\/\/grietgoeminne.com\/wp-content\/uploads\/2025\/04\/9d1c8290-1e00-11f0-9552-43ef901e97ff.jpg","type":"image\/jpeg"}],"twitter_card":"summary_large_image","twitter_misc":{"Geschatte leestijd":"2 minuten"},"schema":{"@context":"https:\/\/schema.org","@graph":[{"@type":"WebPage","@id":"https:\/\/grietgoeminne.com\/product\/eagles-view\/","url":"https:\/\/grietgoeminne.com\/product\/eagles-view\/","name":"Eagle's view - Griet Goeminne","isPartOf":{"@id":"https:\/\/grietgoeminne.com\/#website"},"primaryImageOfPage":{"@id":"https:\/\/grietgoeminne.com\/product\/eagles-view\/#primaryimage"},"image":{"@id":"https:\/\/grietgoeminne.com\/product\/eagles-view\/#primaryimage"},"thumbnailUrl":"https:\/\/grietgoeminne.com\/wp-content\/uploads\/2025\/04\/PXL_20250309_1426170132.jpg","datePublished":"2025-03-09T07:41:35+00:00","dateModified":"2026-01-15T19:45:44+00:00","description":"Eagle's view, a mixed media painting with acrylic and oil paint, dimensions 100x100x1.5cm.","breadcrumb":{"@id":"https:\/\/grietgoeminne.com\/product\/eagles-view\/#breadcrumb"},"inLanguage":"nl-BE","potentialAction":[{"@type":"ReadAction","target":["https:\/\/grietgoeminne.com\/product\/eagles-view\/"]}]},{"@type":"ImageObject","inLanguage":"nl-BE","@id":"https:\/\/grietgoeminne.com\/product\/eagles-view\/#primaryimage","url":"https:\/\/grietgoeminne.com\/wp-content\/uploads\/2025\/04\/PXL_20250309_1426170132.jpg","contentUrl":"https:\/\/grietgoeminne.com\/wp-content\/uploads\/2025\/04\/PXL_20250309_1426170132.jpg","width":213,"height":208,"caption":"Eagle's view, een mixed media schilderij met acryl- en olieverf, afmeting van 100x100x1,5cm."},{"@type":"BreadcrumbList","@id":"https:\/\/grietgoeminne.com\/product\/eagles-view\/#breadcrumb","itemListElement":[{"@type":"ListItem","position":1,"name":"Home","item":"https:\/\/grietgoeminne.com\/"},{"@type":"ListItem","position":2,"name":"Winkel","item":"https:\/\/grietgoeminne.com\/winkel\/"},{"@type":"ListItem","position":3,"name":"Eagle&#8217;s view"}]},{"@type":"WebSite","@id":"https:\/\/grietgoeminne.com\/#website","url":"https:\/\/grietgoeminne.com\/","name":"Griet Goeminne","description":"Painting Artist, Vedic Art Teacher, Creative coach","publisher":{"@id":"https:\/\/grietgoeminne.com\/#organization"},"potentialAction":[{"@type":"SearchAction","target":{"@type":"EntryPoint","urlTemplate":"https:\/\/grietgoeminne.com\/?s={search_term_string}"},"query-input":{"@type":"PropertyValueSpecification","valueRequired":true,"valueName":"search_term_string"}}],"inLanguage":"nl-BE"},{"@type":"Organization","@id":"https:\/\/grietgoeminne.com\/#organization","name":"Griet Goeminne Art","url":"https:\/\/grietgoeminne.com\/","logo":{"@type":"ImageObject","inLanguage":"nl-BE","@id":"https:\/\/grietgoeminne.com\/#\/schema\/logo\/image\/","url":"https:\/\/grietgoeminne.com\/wp-content\/uploads\/2026\/01\/cropped-Griet-Goeminne-art-logo-4-05-scaled-e1767547919734.png","contentUrl":"https:\/\/grietgoeminne.com\/wp-content\/uploads\/2026\/01\/cropped-Griet-Goeminne-art-logo-4-05-scaled-e1767547919734.png","width":512,"height":512,"caption":"Griet Goeminne Art"},"image":{"@id":"https:\/\/grietgoeminne.com\/#\/schema\/logo\/image\/"},"sameAs":["https:\/\/www.facebook.com\/profile.php?id=100064323002292","https:\/\/www.instagram.com\/grietgoeminneart\/"]}]}},"_links":{"self":[{"href":"https:\/\/grietgoeminne.com\/nl\/wp-json\/wp\/v2\/product\/1803","targetHints":{"allow":["GET"]}}],"collection":[{"href":"https:\/\/grietgoeminne.com\/nl\/wp-json\/wp\/v2\/product"}],"about":[{"href":"https:\/\/grietgoeminne.com\/nl\/wp-json\/wp\/v2\/types\/product"}],"replies":[{"embeddable":true,"href":"https:\/\/grietgoeminne.com\/nl\/wp-json\/wp\/v2\/comments?post=1803"}],"wp:featuredmedia":[{"embeddable":true,"href":"https:\/\/grietgoeminne.com\/nl\/wp-json\/wp\/v2\/media\/1746"}],"wp:attachment":[{"href":"https:\/\/grietgoeminne.com\/nl\/wp-json\/wp\/v2\/media?parent=1803"}],"wp:term":[{"taxonomy":"product_brand","embeddable":true,"href":"https:\/\/grietgoeminne.com\/nl\/wp-json\/wp\/v2\/product_brand?post=1803"},{"taxonomy":"product_cat","embeddable":true,"href":"https:\/\/grietgoeminne.com\/nl\/wp-json\/wp\/v2\/product_cat?post=1803"},{"taxonomy":"product_tag","embeddable":true,"href":"https:\/\/grietgoeminne.com\/nl\/wp-json\/wp\/v2\/product_tag?post=1803"}],"curies":[{"name":"wp","href":"https:\/\/api.w.org\/{rel}","templated":true}]}}